{"id":256,"date":"2026-04-06T15:27:37","date_gmt":"2026-04-06T13:27:37","guid":{"rendered":"https:\/\/sisuhuolto.fi\/?page_id=256"},"modified":"2026-04-12T16:20:28","modified_gmt":"2026-04-12T14:20:28","slug":"home","status":"publish","type":"page","link":"https:\/\/sisuhuolto.fi\/","title":{"rendered":"Etusivu"},"content":{"rendered":"\t\t<div data-elementor-type=\"wp-page\" data-elementor-id=\"256\" class=\"elementor elementor-256\">\n\t\t\t\t<div class=\"elementor-element elementor-element-4e5ca3e e-flex e-con-boxed e-con e-parent\" data-id=\"4e5ca3e\" data-element_type=\"container\" data-e-type=\"container\">\n\t\t\t\t\t<div class=\"e-con-inner\">\n\t\t\t\t<div class=\"elementor-element elementor-element-33c1285 elementor-widget elementor-widget-spacer\" data-id=\"33c1285\" data-element_type=\"widget\" data-e-type=\"widget\" data-widget_type=\"spacer.default\">\n\t\t\t\t\t\t\t<div class=\"elementor-spacer\">\n\t\t\t<div class=\"elementor-spacer-inner\"><\/div>\n\t\t<\/div>\n\t\t\t\t\t\t<\/div>\n\t\t\t\t\t<\/div>\n\t\t\t\t<\/div>\n\t\t<div class=\"elementor-element elementor-element-3a0993fb e-con-full e-flex e-con e-parent\" data-id=\"3a0993fb\" data-element_type=\"container\" data-e-type=\"container\">\n\t\t\t\t<div class=\"elementor-element elementor-element-73bce0b5 elementor-widget elementor-widget-image\" data-id=\"73bce0b5\" data-element_type=\"widget\" data-e-type=\"widget\" data-widget_type=\"image.default\">\n\t\t\t\t\t\t\t\t\t\t\t\t\t\t\t<img fetchpriority=\"high\" decoding=\"async\" width=\"800\" height=\"130\" src=\"https:\/\/sisuhuolto.fi\/wp-content\/uploads\/2025\/12\/sisu-kiinteistpalvelut-high-resolution-logo_659159-1024x167.png\" class=\"attachment-large size-large wp-image-10\" alt=\"\" srcset=\"https:\/\/sisuhuolto.fi\/wp-content\/uploads\/2025\/12\/sisu-kiinteistpalvelut-high-resolution-logo_659159-1024x167.png 1024w, https:\/\/sisuhuolto.fi\/wp-content\/uploads\/2025\/12\/sisu-kiinteistpalvelut-high-resolution-logo_659159-300x49.png 300w, https:\/\/sisuhuolto.fi\/wp-content\/uploads\/2025\/12\/sisu-kiinteistpalvelut-high-resolution-logo_659159-768x125.png 768w, https:\/\/sisuhuolto.fi\/wp-content\/uploads\/2025\/12\/sisu-kiinteistpalvelut-high-resolution-logo_659159.png 1468w\" sizes=\"(max-width: 800px) 100vw, 800px\" \/>\t\t\t\t\t\t\t\t\t\t\t\t\t\t\t<\/div>\n\t\t\t\t<div class=\"elementor-element elementor-element-432b64c9 elementor-widget elementor-widget-text-editor\" data-id=\"432b64c9\" data-element_type=\"widget\" data-e-type=\"widget\" data-widget_type=\"text-editor.default\">\n\t\t\t\t\t\t\t\t\t<p>Paikallista kiinteist\u00f6nhuoltoa Helsingin lauttasaaressa<\/p>\t\t\t\t\t\t\t\t<\/div>\n\t\t\t\t<\/div>\n\t\t<div class=\"elementor-element elementor-element-3d4f9f1 e-con-full e-flex e-con e-parent\" data-id=\"3d4f9f1\" data-element_type=\"container\" data-e-type=\"container\" data-settings=\"{&quot;background_background&quot;:&quot;classic&quot;}\">\n\t\t<div class=\"elementor-element elementor-element-39405776 e-con-full e-flex e-con e-child\" data-id=\"39405776\" data-element_type=\"container\" data-e-type=\"container\">\n\t\t<div class=\"elementor-element elementor-element-6e5ba1c4 e-con-full e-flex e-con e-child\" data-id=\"6e5ba1c4\" data-element_type=\"container\" data-e-type=\"container\">\n\t\t\t\t<div class=\"elementor-element elementor-element-1350d773 elementor-position-top elementor-widget elementor-widget-image-box\" data-id=\"1350d773\" data-element_type=\"widget\" data-e-type=\"widget\" data-widget_type=\"image-box.default\">\n\t\t\t\t\t<div class=\"elementor-image-box-wrapper\"><figure class=\"elementor-image-box-img\"><a href=\"https:\/\/sisuhuolto.fi\/?page_id=244#huoltoilmoitus\" tabindex=\"-1\"><img decoding=\"async\" width=\"150\" height=\"150\" src=\"https:\/\/sisuhuolto.fi\/wp-content\/uploads\/2026\/04\/sisusiilispanner_transparent-150x150.png\" class=\"attachment-thumbnail size-thumbnail wp-image-374\" alt=\"\" \/><\/a><\/figure><div class=\"elementor-image-box-content\"><h3 class=\"elementor-image-box-title\"><a href=\"https:\/\/sisuhuolto.fi\/?page_id=244#huoltoilmoitus\">Huoltoilmoitus<\/a><\/h3><p class=\"elementor-image-box-description\">J\u00e4t\u00e4 kiireett\u00f6m\u00e4t huoltoilmoitukset t\u00e4nne. Kiireellisiss\u00e4 tapauksissa pyyd\u00e4mme soittamaan.<\/p><\/div><\/div>\t\t\t\t<\/div>\n\t\t\t\t<\/div>\n\t\t<div class=\"elementor-element elementor-element-727eb23f e-con-full e-flex e-con e-child\" data-id=\"727eb23f\" data-element_type=\"container\" data-e-type=\"container\">\n\t\t\t\t<div class=\"elementor-element elementor-element-bb11b76 elementor-position-top elementor-widget elementor-widget-image-box\" data-id=\"bb11b76\" data-element_type=\"widget\" data-e-type=\"widget\" data-widget_type=\"image-box.default\">\n\t\t\t\t\t<div class=\"elementor-image-box-wrapper\"><figure class=\"elementor-image-box-img\"><a href=\"https:\/\/sisuhuolto.fi\/?page_id=244#muuttoilmoitus\" tabindex=\"-1\"><img decoding=\"async\" width=\"150\" height=\"150\" src=\"https:\/\/sisuhuolto.fi\/wp-content\/uploads\/2026\/04\/sisusiiliclipboard_transparent-150x150.png\" class=\"attachment-thumbnail size-thumbnail wp-image-370\" alt=\"\" \/><\/a><\/figure><div class=\"elementor-image-box-content\"><h3 class=\"elementor-image-box-title\"><a href=\"https:\/\/sisuhuolto.fi\/?page_id=244#muuttoilmoitus\">Muuttoilmoitus<\/a><\/h3><\/div><\/div>\t\t\t\t<\/div>\n\t\t\t\t<\/div>\n\t\t<div class=\"elementor-element elementor-element-18432e5b e-con-full e-flex e-con e-child\" data-id=\"18432e5b\" data-element_type=\"container\" data-e-type=\"container\">\n\t\t\t\t<div class=\"elementor-element elementor-element-27c6b333 elementor-position-top elementor-widget elementor-widget-image-box\" data-id=\"27c6b333\" data-element_type=\"widget\" data-e-type=\"widget\" data-widget_type=\"image-box.default\">\n\t\t\t\t\t<div class=\"elementor-image-box-wrapper\"><figure class=\"elementor-image-box-img\"><a href=\"#info\" tabindex=\"-1\"><img loading=\"lazy\" decoding=\"async\" width=\"150\" height=\"150\" src=\"https:\/\/sisuhuolto.fi\/wp-content\/uploads\/2026\/04\/sisusiiliflex_transparent-150x150.png\" class=\"attachment-thumbnail size-thumbnail wp-image-371\" alt=\"\" \/><\/a><\/figure><div class=\"elementor-image-box-content\"><h3 class=\"elementor-image-box-title\"><a href=\"#info\">Tietoa Meist\u00e4<\/a><\/h3><\/div><\/div>\t\t\t\t<\/div>\n\t\t\t\t<\/div>\n\t\t<div class=\"elementor-element elementor-element-40442f47 e-con-full e-flex e-con e-child\" data-id=\"40442f47\" data-element_type=\"container\" data-e-type=\"container\">\n\t\t\t\t<div class=\"elementor-element elementor-element-6982d79 elementor-position-top elementor-widget elementor-widget-image-box\" data-id=\"6982d79\" data-element_type=\"widget\" data-e-type=\"widget\" data-widget_type=\"image-box.default\">\n\t\t\t\t\t<div class=\"elementor-image-box-wrapper\"><figure class=\"elementor-image-box-img\"><a href=\"#tiedot\" tabindex=\"-1\"><img loading=\"lazy\" decoding=\"async\" width=\"150\" height=\"150\" src=\"https:\/\/sisuhuolto.fi\/wp-content\/uploads\/2026\/04\/sisusiiliphone_transparent-150x150.png\" class=\"attachment-thumbnail size-thumbnail wp-image-372\" alt=\"\" \/><\/a><\/figure><div class=\"elementor-image-box-content\"><h3 class=\"elementor-image-box-title\"><a href=\"#tiedot\">Yhteystiedot<\/a><\/h3><\/div><\/div>\t\t\t\t<\/div>\n\t\t\t\t<\/div>\n\t\t\t\t<\/div>\n\t\t\t\t<\/div>\n\t\t<div class=\"elementor-element elementor-element-5c1cd0b9 e-con-full e-flex e-con e-parent\" data-id=\"5c1cd0b9\" data-element_type=\"container\" data-e-type=\"container\" id=\"info\">\n\t\t<div class=\"elementor-element elementor-element-1a3d7adb e-con-full e-flex e-con e-child\" data-id=\"1a3d7adb\" data-element_type=\"container\" data-e-type=\"container\">\n\t\t\t\t<div class=\"elementor-element elementor-element-251d58c elementor-widget elementor-widget-heading\" data-id=\"251d58c\" data-element_type=\"widget\" data-e-type=\"widget\" data-widget_type=\"heading.default\">\n\t\t\t\t\t<h2 class=\"elementor-heading-title elementor-size-default\">Paikallista kiinteist\u00f6nhuoltoa lauttasaaressa<\/h2>\t\t\t\t<\/div>\n\t\t\t\t<div class=\"elementor-element elementor-element-25fa3683 elementor-widget__width-initial elementor-widget elementor-widget-text-editor\" data-id=\"25fa3683\" data-element_type=\"widget\" data-e-type=\"widget\" data-widget_type=\"text-editor.default\">\n\t\t\t\t\t\t\t\t\t<p>Hei! Olemme Sisu Kiinteist\u00f6palvelut Oy. Tuore kiinteist\u00f6huoltoalan yritys lauttasaaressa ja haemme nyt lis\u00e4\u00e4 jalansijaa saarelta.<\/p><p>Mik\u00e4li teill\u00e4 on n\u00e4kemyseroa nykyisen huoltonne kanssa koskien esim. vaste-aikoja, viikonlopput\u00f6it\u00e4, lis\u00e4laskutusta, \u00e4lk\u00e4\u00e4 ep\u00e4r\u00f6ik\u00f6 olla yhteydess\u00e4.\u00a0\u00a0<\/p><p><b>Miksi valita meid\u00e4t?<\/b><\/p><p>Meid\u00e4n n\u00e4hd\u00e4ksemme paras ja kustannustehokkain tapa tarjota palveluita alkaa siit\u00e4 ett\u00e4 ne ovat paikallisia. Maanlaajuiset tai kansainv\u00e4liset toimijat joutuvat aina tekem\u00e4\u00e4n kompromisseja joustavuudessa ja kommunikoinnissa joita pid\u00e4mme t\u00e4m\u00e4n alan kulmakivin\u00e4. Isojen yritysten sijoittajien tuotto-odotukset lis\u00e4\u00e4v\u00e4t painetta lis\u00e4myynnille ja lis\u00e4laskutukselle jota pienempien ei tarvitse puskea.<\/p><p>Lauttasaaren vanhoja toimijoita sulautetaan n\u00e4ihin isompiin yrityksiin, joten uusien pienyritt\u00e4jien on aika nousta haastamaan t\u00e4t\u00e4 muutosta. Tunnemme alueen ja olemme toimineet sek\u00e4 asuneet lauttasaaressa pidemp\u00e4\u00e4n kuin kehtaa my\u00f6nt\u00e4\u00e4k\u00e4\u00e4n. My\u00f6s itse ala on on koettu sen jokaisesta vinkkelist\u00e4, joten kokemusta huoltotoimesta on karttunut piipunhatusta ruohonjuureen ja kaikkeen silt\u00e4 v\u00e4lilt\u00e4. Kalustoa l\u00f6ytyy jokaiseen vuodenaikaan.<\/p><p>Mik\u00e4li her\u00e4timme mielenkiintonne, olkaa yhteydess\u00e4 niin voimme spekuloida aiheesta vaikkapa pihapalaverissa teid\u00e4n aikataulunne mukaisesti tai laittaa tarjousta mik\u00e4li olette kilpailuttamassa.<\/p>\t\t\t\t\t\t\t\t<\/div>\n\t\t\t\t<\/div>\n\t\t\t\t<div class=\"elementor-element elementor-element-4990f7fa elementor-widget elementor-widget-spacer\" data-id=\"4990f7fa\" data-element_type=\"widget\" data-e-type=\"widget\" data-widget_type=\"spacer.default\">\n\t\t\t\t\t\t\t<div class=\"elementor-spacer\">\n\t\t\t<div class=\"elementor-spacer-inner\"><\/div>\n\t\t<\/div>\n\t\t\t\t\t\t<\/div>\n\t\t\t\t<\/div>\n\t\t<div class=\"elementor-element elementor-element-f7f345d e-flex e-con-boxed e-con e-parent\" data-id=\"f7f345d\" data-element_type=\"container\" data-e-type=\"container\">\n\t\t\t\t\t<div class=\"e-con-inner\">\n\t\t\t\t<div class=\"elementor-element elementor-element-534a532e elementor-widget elementor-widget-spacer\" data-id=\"534a532e\" data-element_type=\"widget\" data-e-type=\"widget\" data-widget_type=\"spacer.default\">\n\t\t\t\t\t\t\t<div class=\"elementor-spacer\">\n\t\t\t<div class=\"elementor-spacer-inner\"><\/div>\n\t\t<\/div>\n\t\t\t\t\t\t<\/div>\n\t\t\t\t\t<\/div>\n\t\t\t\t<\/div>\n\t\t<div class=\"elementor-element elementor-element-62b40b3a e-flex e-con-boxed e-con e-parent\" data-id=\"62b40b3a\" data-element_type=\"container\" data-e-type=\"container\" id=\"tiedot\" data-settings=\"{&quot;background_background&quot;:&quot;classic&quot;}\">\n\t\t\t\t\t<div class=\"e-con-inner\">\n\t\t\t\t<div class=\"elementor-element elementor-element-2d79da4e elementor-widget elementor-widget-heading\" data-id=\"2d79da4e\" data-element_type=\"widget\" data-e-type=\"widget\" data-widget_type=\"heading.default\">\n\t\t\t\t\t<h2 class=\"elementor-heading-title elementor-size-default\">Yhteystiedot<\/h2>\t\t\t\t<\/div>\n\t\t\t\t<div class=\"elementor-element elementor-element-1848960f elementor-widget-divider--view-line elementor-widget elementor-widget-divider\" data-id=\"1848960f\" data-element_type=\"widget\" data-e-type=\"widget\" data-widget_type=\"divider.default\">\n\t\t\t\t\t\t\t<div class=\"elementor-divider\">\n\t\t\t<span class=\"elementor-divider-separator\">\n\t\t\t\t\t\t<\/span>\n\t\t<\/div>\n\t\t\t\t\t\t<\/div>\n\t\t<div class=\"elementor-element elementor-element-3f3bfb4 e-grid e-con-full e-con e-child\" data-id=\"3f3bfb4\" data-element_type=\"container\" data-e-type=\"container\">\n\t\t\t\t<div class=\"elementor-element elementor-element-59ea1dd7 elementor-widget elementor-widget-text-editor\" data-id=\"59ea1dd7\" data-element_type=\"widget\" data-e-type=\"widget\" data-widget_type=\"text-editor.default\">\n\t\t\t\t\t\t\t\t\t<p>Puhelin (arki ja p\u00e4ivystys)<\/p><p>+35878758056<\/p><p>\u00a0<\/p>\t\t\t\t\t\t\t\t<\/div>\n\t\t\t\t<div class=\"elementor-element elementor-element-7fb32ef5 elementor-widget elementor-widget-text-editor\" data-id=\"7fb32ef5\" data-element_type=\"widget\" data-e-type=\"widget\" data-widget_type=\"text-editor.default\">\n\t\t\t\t\t\t\t\t\t<p>Huoltoilmoitukset<\/p><p>huolto@sisuhuolto.fi<\/p><p>\u00a0<\/p><p>Tarjouspyynn\u00f6t<\/p><p>toimisto@sisuhuolto.fi<\/p><p>\u00a0<\/p>\t\t\t\t\t\t\t\t<\/div>\n\t\t\t\t<div class=\"elementor-element elementor-element-12663e61 elementor-widget elementor-widget-text-editor\" data-id=\"12663e61\" data-element_type=\"widget\" data-e-type=\"widget\" data-widget_type=\"text-editor.default\">\n\t\t\t\t\t\t\t\t\t<p>Sisu Kiinteist\u00f6palvelut Oy<\/p><p>Y-tunnus: 3573873-4<\/p>\t\t\t\t\t\t\t\t<\/div>\n\t\t\t\t<\/div>\n\t\t\t\t\t<\/div>\n\t\t\t\t<\/div>\n\t\t\t\t<\/div>\n\t\t","protected":false},"excerpt":{"rendered":"<p>Paikallista kiinteist\u00f6nhuoltoa Helsingin lauttasaaressa Huoltoilmoitus J\u00e4t\u00e4 kiireett\u00f6m\u00e4t huoltoilmoitukset t\u00e4nne. Kiireellisiss\u00e4 tapauksissa pyyd\u00e4mme soittamaan. Muuttoilmoitus Tietoa Meist\u00e4 Yhteystiedot Paikallista kiinteist\u00f6nhuoltoa lauttasaaressa Hei! Olemme Sisu Kiinteist\u00f6palvelut Oy. Tuore kiinteist\u00f6huoltoalan yritys lauttasaaressa ja haemme nyt lis\u00e4\u00e4 jalansijaa saarelta. Mik\u00e4li teill\u00e4 on n\u00e4kemyseroa nykyisen huoltonne kanssa koskien esim. vaste-aikoja, viikonlopput\u00f6it\u00e4, lis\u00e4laskutusta, \u00e4lk\u00e4\u00e4 ep\u00e4r\u00f6ik\u00f6 olla yhteydess\u00e4.\u00a0\u00a0 Miksi valita meid\u00e4t? Meid\u00e4n [&hellip;]<\/p>\n","protected":false},"author":1,"featured_media":262,"parent":0,"menu_order":0,"comment_status":"closed","ping_status":"closed","template":"elementor_header_footer","meta":{"footnotes":""},"class_list":["post-256","page","type-page","status-publish","has-post-thumbnail","hentry"],"_links":{"self":[{"href":"https:\/\/sisuhuolto.fi\/index.php?rest_route=\/wp\/v2\/pages\/256","targetHints":{"allow":["GET"]}}],"collection":[{"href":"https:\/\/sisuhuolto.fi\/index.php?rest_route=\/wp\/v2\/pages"}],"about":[{"href":"https:\/\/sisuhuolto.fi\/index.php?rest_route=\/wp\/v2\/types\/page"}],"author":[{"embeddable":true,"href":"https:\/\/sisuhuolto.fi\/index.php?rest_route=\/wp\/v2\/users\/1"}],"replies":[{"embeddable":true,"href":"https:\/\/sisuhuolto.fi\/index.php?rest_route=%2Fwp%2Fv2%2Fcomments&post=256"}],"version-history":[{"count":47,"href":"https:\/\/sisuhuolto.fi\/index.php?rest_route=\/wp\/v2\/pages\/256\/revisions"}],"predecessor-version":[{"id":385,"href":"https:\/\/sisuhuolto.fi\/index.php?rest_route=\/wp\/v2\/pages\/256\/revisions\/385"}],"wp:featuredmedia":[{"embeddable":true,"href":"https:\/\/sisuhuolto.fi\/index.php?rest_route=\/wp\/v2\/media\/262"}],"wp:attachment":[{"href":"https:\/\/sisuhuolto.fi\/index.php?rest_route=%2Fwp%2Fv2%2Fmedia&parent=256"}],"curies":[{"name":"wp","href":"https:\/\/api.w.org\/{rel}","templated":true}]}}