{"id":244,"date":"2026-04-06T15:27:34","date_gmt":"2026-04-06T13:27:34","guid":{"rendered":"https:\/\/sisuhuolto.fi\/?page_id=244"},"modified":"2026-04-06T18:20:46","modified_gmt":"2026-04-06T16:20:46","slug":"services","status":"publish","type":"page","link":"https:\/\/sisuhuolto.fi\/?page_id=244","title":{"rendered":"yhteydenottolomakkeet"},"content":{"rendered":"\t\t<div data-elementor-type=\"wp-page\" data-elementor-id=\"244\" class=\"elementor elementor-244\">\n\t\t\t\t<div class=\"elementor-element elementor-element-79337ab3 e-flex e-con-boxed e-con e-parent\" data-id=\"79337ab3\" data-element_type=\"container\" data-e-type=\"container\">\n\t\t\t\t\t<div class=\"e-con-inner\">\n\t\t\t\t<div class=\"elementor-element elementor-element-194f2976 elementor-widget elementor-widget-heading\" data-id=\"194f2976\" data-element_type=\"widget\" data-e-type=\"widget\" data-widget_type=\"heading.default\">\n\t\t\t\t\t<h1 class=\"elementor-heading-title elementor-size-default\">Yhteydenottolomakkeet<\/h1>\t\t\t\t<\/div>\n\t\t\t\t<div class=\"elementor-element elementor-element-47d860d6 elementor-widget-divider--view-line elementor-widget elementor-widget-divider\" data-id=\"47d860d6\" data-element_type=\"widget\" data-e-type=\"widget\" data-widget_type=\"divider.default\">\n\t\t\t\t\t\t\t<div class=\"elementor-divider\">\n\t\t\t<span class=\"elementor-divider-separator\">\n\t\t\t\t\t\t<\/span>\n\t\t<\/div>\n\t\t\t\t\t\t<\/div>\n\t\t\t\t\t<\/div>\n\t\t\t\t<\/div>\n\t\t<div class=\"elementor-element elementor-element-7e361ef8 e-flex e-con-boxed e-con e-parent\" data-id=\"7e361ef8\" data-element_type=\"container\" data-e-type=\"container\" id=\"huoltoilmoitus\">\n\t\t\t\t\t<div class=\"e-con-inner\">\n\t\t<div class=\"elementor-element elementor-element-132928fd e-con-full e-flex e-con e-child\" data-id=\"132928fd\" data-element_type=\"container\" data-e-type=\"container\">\n\t\t\t\t<div class=\"elementor-element elementor-element-62b9e50a elementor-widget elementor-widget-heading\" data-id=\"62b9e50a\" data-element_type=\"widget\" data-e-type=\"widget\" data-widget_type=\"heading.default\">\n\t\t\t\t\t<h2 class=\"elementor-heading-title elementor-size-default\">Huoltoilmoitus<\/h2>\t\t\t\t<\/div>\n\t\t\t\t<div class=\"elementor-element elementor-element-7f0d478e elementor-widget elementor-widget-text-editor\" data-id=\"7f0d478e\" data-element_type=\"widget\" data-e-type=\"widget\" data-widget_type=\"text-editor.default\">\n\t\t\t\t\t\t\t\t\t<p>Yrit\u00e4 olla mahdollisimman tarkka vian sijainnista ja itse ongelmasta. Onko vika taloyhti\u00f6n yleisiss\u00e4 tiloissa vai asunnossa, mist\u00e4 kohtaa hana vuotaa, jne.<\/p>\t\t\t\t\t\t\t\t<\/div>\n\t\t\t\t<\/div>\n\t\t\t\t<div class=\"elementor-element elementor-element-c1a1c46 elementor-widget elementor-widget-wpforms\" data-id=\"c1a1c46\" data-element_type=\"widget\" data-e-type=\"widget\" data-widget_type=\"wpforms.default\">\n\t\t\t\t<div class=\"elementor-widget-container\">\n\t\t\t\t\t<div class=\"wpforms-container wpforms-container-full wpforms-render-modern\" id=\"wpforms-19\"><form id=\"wpforms-form-19\" class=\"wpforms-validate wpforms-form wpforms-ajax-form\" data-formid=\"19\" method=\"post\" enctype=\"multipart\/form-data\" action=\"\/index.php?rest_route=%2Fwp%2Fv2%2Fpages%2F244\" data-token=\"cfca966cea4878a197cf7cb3354f999e\" data-token-time=\"1776401066\"><noscript class=\"wpforms-error-noscript\">Please enable JavaScript in your browser to complete this form.<\/noscript><div id=\"wpforms-error-noscript\" style=\"display: none;\">Please enable JavaScript in your browser to complete this form.<\/div><div class=\"wpforms-field-container\"><div id=\"wpforms-19-field_1-container\" class=\"wpforms-field wpforms-field-name\" data-field-id=\"1\"><label class=\"wpforms-field-label\" for=\"wpforms-19-field_1\">Nimi <span class=\"wpforms-required-label\" aria-hidden=\"true\">*<\/span><\/label><input type=\"text\" id=\"wpforms-19-field_1\" class=\"wpforms-field-medium wpforms-field-required\" name=\"wpforms[fields][1]\" aria-errormessage=\"wpforms-19-field_1-error\" required><\/div><div id=\"wpforms-19-field_5-container\" class=\"wpforms-field wpforms-field-text\" data-field-id=\"5\"><label class=\"wpforms-field-label\" for=\"wpforms-19-field_5\">Osoite <span class=\"wpforms-required-label\" aria-hidden=\"true\">*<\/span><\/label><input type=\"text\" id=\"wpforms-19-field_5\" class=\"wpforms-field-medium wpforms-field-required\" name=\"wpforms[fields][5]\" aria-errormessage=\"wpforms-19-field_5-error\" required><\/div><div id=\"wpforms-19-field_6-container\" class=\"wpforms-field wpforms-field-text\" data-field-id=\"6\"><label class=\"wpforms-field-label\" for=\"wpforms-19-field_6\">Puhelin<\/label><input type=\"text\" id=\"wpforms-19-field_6\" class=\"wpforms-field-medium\" name=\"wpforms[fields][6]\" aria-errormessage=\"wpforms-19-field_6-error\" ><\/div>\t\t<div id=\"wpforms-19-field_4-container\"\n\t\t\tclass=\"wpforms-field wpforms-field-text\"\n\t\t\tdata-field-type=\"text\"\n\t\t\tdata-field-id=\"4\"\n\t\t\t>\n\t\t\t<label class=\"wpforms-field-label\" for=\"wpforms-19-field_4\" >yksityisasunto? Puhelin ennen<\/label>\n\t\t\t<input type=\"text\" id=\"wpforms-19-field_4\" class=\"wpforms-field-medium\" name=\"wpforms[fields][4]\" >\n\t\t<\/div>\n\t\t<div id=\"wpforms-19-field_2-container\" class=\"wpforms-field wpforms-field-email\" data-field-id=\"2\"><label class=\"wpforms-field-label\" for=\"wpforms-19-field_2\">Email<\/label><input type=\"email\" id=\"wpforms-19-field_2\" class=\"wpforms-field-medium\" name=\"wpforms[fields][2]\" spellcheck=\"false\" aria-errormessage=\"wpforms-19-field_2-error\" ><\/div><div id=\"wpforms-19-field_7-container\" class=\"wpforms-field wpforms-field-checkbox\" data-field-id=\"7\"><fieldset><legend class=\"wpforms-field-label\">Sallitaanko yleisavaimen k\u00e4ytt\u00f6 mik\u00e4li kyseess\u00e4 yksityisasunto?<\/legend><ul id=\"wpforms-19-field_7\"><li class=\"choice-1 depth-1\"><input type=\"checkbox\" id=\"wpforms-19-field_7_1\" name=\"wpforms[fields][7][]\" value=\"Kyll\u00e4\" aria-errormessage=\"wpforms-19-field_7_1-error\"  ><label class=\"wpforms-field-label-inline\" for=\"wpforms-19-field_7_1\">Kyll\u00e4<\/label><\/li><li class=\"choice-4 depth-1\"><input type=\"checkbox\" id=\"wpforms-19-field_7_4\" name=\"wpforms[fields][7][]\" value=\"Ei\" aria-errormessage=\"wpforms-19-field_7_4-error\"  ><label class=\"wpforms-field-label-inline\" for=\"wpforms-19-field_7_4\">Ei<\/label><\/li><\/ul><\/fieldset><\/div><div id=\"wpforms-19-field_8-container\" class=\"wpforms-field wpforms-field-checkbox\" data-field-id=\"8\"><fieldset><legend class=\"wpforms-field-label\">Soitto ennen k\u00e4ynti\u00e4?<\/legend><ul id=\"wpforms-19-field_8\"><li class=\"choice-1 depth-1\"><input type=\"checkbox\" id=\"wpforms-19-field_8_1\" name=\"wpforms[fields][8][]\" value=\"Kyll\u00e4\" aria-errormessage=\"wpforms-19-field_8_1-error\"  ><label class=\"wpforms-field-label-inline\" for=\"wpforms-19-field_8_1\">Kyll\u00e4<\/label><\/li><li class=\"choice-2 depth-1\"><input type=\"checkbox\" id=\"wpforms-19-field_8_2\" name=\"wpforms[fields][8][]\" value=\"Ei\" aria-errormessage=\"wpforms-19-field_8_2-error\"  ><label class=\"wpforms-field-label-inline\" for=\"wpforms-19-field_8_2\">Ei<\/label><\/li><\/ul><\/fieldset><\/div><div id=\"wpforms-19-field_3-container\" class=\"wpforms-field wpforms-field-textarea\" data-field-id=\"3\"><label class=\"wpforms-field-label\" for=\"wpforms-19-field_3\">Huoltoilmoitus <span class=\"wpforms-required-label\" aria-hidden=\"true\">*<\/span><\/label><textarea id=\"wpforms-19-field_3\" class=\"wpforms-field-medium wpforms-field-required\" name=\"wpforms[fields][3]\" aria-errormessage=\"wpforms-19-field_3-error\" aria-describedby=\"wpforms-19-field_3-description\" required><\/textarea><div id=\"wpforms-19-field_3-description\" class=\"wpforms-field-description\">Huoltok\u00e4ynnit suoritetaan yleisesti 7:00-16:00 v\u00e4lisen\u00e4 aikana. Kiireellisiss\u00e4 tapauksissa pyyd\u00e4mme soittamaan.<\/div><\/div><script>\n\t\t\t\t( function() {\n\t\t\t\t\tconst style = document.createElement( 'style' );\n\t\t\t\t\tstyle.appendChild( document.createTextNode( '#wpforms-19-field_4-container { position: absolute !important; overflow: hidden !important; display: inline !important; height: 1px !important; width: 1px !important; z-index: -1000 !important; padding: 0 !important; } #wpforms-19-field_4-container input { visibility: hidden; } #wpforms-conversational-form-page #wpforms-19-field_4-container label { counter-increment: none; }' ) );\n\t\t\t\t\tdocument.head.appendChild( style );\n\t\t\t\t\tdocument.currentScript?.remove();\n\t\t\t\t} )();\n\t\t\t<\/script><\/div><!-- .wpforms-field-container --><div class=\"wpforms-submit-container\" ><input type=\"hidden\" name=\"wpforms[id]\" value=\"19\"><input type=\"hidden\" name=\"page_title\" value=\"\"><input type=\"hidden\" name=\"page_url\" value=\"https:\/\/sisuhuolto.fi\/index.php?rest_route=\/wp\/v2\/pages\/244\"><input type=\"hidden\" name=\"url_referer\" value=\"\"><button type=\"submit\" name=\"wpforms[submit]\" id=\"wpforms-submit-19\" class=\"wpforms-submit\" data-alt-text=\"L\u00e4hett\u00e4\u00e4..\" data-submit-text=\"L\u00e4het\u00e4\" aria-live=\"assertive\" value=\"wpforms-submit\">L\u00e4het\u00e4<\/button><img decoding=\"async\" src=\"https:\/\/sisuhuolto.fi\/wp-content\/plugins\/wpforms-lite\/assets\/images\/submit-spin.svg\" class=\"wpforms-submit-spinner\" style=\"display: none;\" width=\"26\" height=\"26\" alt=\"Loading\"><\/div><\/form><\/div>  <!-- .wpforms-container -->\t\t\t\t<\/div>\n\t\t\t\t<\/div>\n\t\t\t\t\t<\/div>\n\t\t\t\t<\/div>\n\t\t<div class=\"elementor-element elementor-element-5957b5a7 e-flex e-con-boxed e-con e-parent\" data-id=\"5957b5a7\" data-element_type=\"container\" data-e-type=\"container\" id=\"muuttoilmoitus\">\n\t\t\t\t\t<div class=\"e-con-inner\">\n\t\t<div class=\"elementor-element elementor-element-14ab9ec5 e-con-full e-flex e-con e-child\" data-id=\"14ab9ec5\" data-element_type=\"container\" data-e-type=\"container\">\n\t\t\t\t<div class=\"elementor-element elementor-element-17688e3d elementor-widget elementor-widget-heading\" data-id=\"17688e3d\" data-element_type=\"widget\" data-e-type=\"widget\" data-widget_type=\"heading.default\">\n\t\t\t\t\t<h2 class=\"elementor-heading-title elementor-size-default\">Muuttoilmoitus<\/h2>\t\t\t\t<\/div>\n\t\t\t\t<\/div>\n\t\t\t\t<div class=\"elementor-element elementor-element-de2cf7c elementor-widget elementor-widget-wpforms\" data-id=\"de2cf7c\" data-element_type=\"widget\" data-e-type=\"widget\" data-widget_type=\"wpforms.default\">\n\t\t\t\t<div class=\"elementor-widget-container\">\n\t\t\t\t\t<div class=\"wpforms-container wpforms-container-full wpforms-render-modern\" id=\"wpforms-53\"><form id=\"wpforms-form-53\" class=\"wpforms-validate wpforms-form wpforms-ajax-form\" data-formid=\"53\" method=\"post\" enctype=\"multipart\/form-data\" action=\"\/index.php?rest_route=%2Fwp%2Fv2%2Fpages%2F244\" data-token=\"a320e43868b904749a3ca4899ee2524d\" data-token-time=\"1776401066\"><noscript class=\"wpforms-error-noscript\">Please enable JavaScript in your browser to complete this form.<\/noscript><div id=\"wpforms-error-noscript\" style=\"display: none;\">Please enable JavaScript in your browser to complete this form.<\/div><div class=\"wpforms-field-container\">\t\t<div id=\"wpforms-53-field_6-container\"\n\t\t\tclass=\"wpforms-field wpforms-field-text\"\n\t\t\tdata-field-type=\"text\"\n\t\t\tdata-field-id=\"6\"\n\t\t\t>\n\t\t\t<label class=\"wpforms-field-label\" for=\"wpforms-53-field_6\" >(toinen Muuttop\u00e4iv\u00e4 asukas)<\/label>\n\t\t\t<input type=\"text\" id=\"wpforms-53-field_6\" class=\"wpforms-field-medium\" name=\"wpforms[fields][6]\" >\n\t\t<\/div>\n\t\t<div id=\"wpforms-53-field_1-container\" class=\"wpforms-field wpforms-field-name\" data-field-id=\"1\"><label class=\"wpforms-field-label\" for=\"wpforms-53-field_1\">Nimi <span class=\"wpforms-required-label\" aria-hidden=\"true\">*<\/span><\/label><input type=\"text\" id=\"wpforms-53-field_1\" class=\"wpforms-field-medium wpforms-field-required\" name=\"wpforms[fields][1]\" aria-errormessage=\"wpforms-53-field_1-error\" required><\/div><div id=\"wpforms-53-field_4-container\" class=\"wpforms-field wpforms-field-text\" data-field-id=\"4\"><label class=\"wpforms-field-label\" for=\"wpforms-53-field_4\">Puhelin <span class=\"wpforms-required-label\" aria-hidden=\"true\">*<\/span><\/label><input type=\"text\" id=\"wpforms-53-field_4\" class=\"wpforms-field-medium wpforms-field-required\" name=\"wpforms[fields][4]\" aria-errormessage=\"wpforms-53-field_4-error\" required><\/div><div id=\"wpforms-53-field_2-container\" class=\"wpforms-field wpforms-field-email\" data-field-id=\"2\"><label class=\"wpforms-field-label\" for=\"wpforms-53-field_2\">Email<\/label><input type=\"email\" id=\"wpforms-53-field_2\" class=\"wpforms-field-medium\" name=\"wpforms[fields][2]\" spellcheck=\"false\" aria-errormessage=\"wpforms-53-field_2-error\" ><\/div><div id=\"wpforms-53-field_8-container\" class=\"wpforms-field wpforms-field-name\" data-field-id=\"8\"><label class=\"wpforms-field-label\" for=\"wpforms-53-field_8\">Nimi (toinen asukas)<\/label><input type=\"text\" id=\"wpforms-53-field_8\" class=\"wpforms-field-medium\" name=\"wpforms[fields][8]\" aria-errormessage=\"wpforms-53-field_8-error\" aria-describedby=\"wpforms-53-field_8-description\" ><div id=\"wpforms-53-field_8-description\" class=\"wpforms-field-description\">J\u00e4t\u00e4 tyhj\u00e4ksi mik\u00e4li ei tarvetta<\/div><\/div><div id=\"wpforms-53-field_9-container\" class=\"wpforms-field wpforms-field-text\" data-field-id=\"9\"><label class=\"wpforms-field-label\" for=\"wpforms-53-field_9\">Puhelin (toinen asukas)<\/label><input type=\"text\" id=\"wpforms-53-field_9\" class=\"wpforms-field-medium\" name=\"wpforms[fields][9]\" aria-errormessage=\"wpforms-53-field_9-error\" aria-describedby=\"wpforms-53-field_9-description\" ><div id=\"wpforms-53-field_9-description\" class=\"wpforms-field-description\">J\u00e4t\u00e4 tyhj\u00e4ksi mik\u00e4li ei tarvetta<\/div><\/div><div id=\"wpforms-53-field_10-container\" class=\"wpforms-field wpforms-field-email\" data-field-id=\"10\"><label class=\"wpforms-field-label\" for=\"wpforms-53-field_10\">Email (toinen asukas)<\/label><input type=\"email\" id=\"wpforms-53-field_10\" class=\"wpforms-field-medium\" name=\"wpforms[fields][10]\" spellcheck=\"false\" aria-errormessage=\"wpforms-53-field_10-error\" aria-describedby=\"wpforms-53-field_10-description\" ><div id=\"wpforms-53-field_10-description\" class=\"wpforms-field-description\">J\u00e4t\u00e4 tyhj\u00e4ksi mik\u00e4li ei tarvetta<\/div><\/div><div id=\"wpforms-53-field_5-container\" class=\"wpforms-field wpforms-field-text\" data-field-id=\"5\"><label class=\"wpforms-field-label\" for=\"wpforms-53-field_5\">Osoite <span class=\"wpforms-required-label\" aria-hidden=\"true\">*<\/span><\/label><input type=\"text\" id=\"wpforms-53-field_5\" class=\"wpforms-field-medium wpforms-field-required\" name=\"wpforms[fields][5]\" aria-errormessage=\"wpforms-53-field_5-error\" required><\/div><div id=\"wpforms-53-field_7-container\" class=\"wpforms-field wpforms-field-text\" data-field-id=\"7\"><label class=\"wpforms-field-label\" for=\"wpforms-53-field_7\">Muuttop\u00e4iv\u00e4 <span class=\"wpforms-required-label\" aria-hidden=\"true\">*<\/span><\/label><input type=\"text\" id=\"wpforms-53-field_7\" class=\"wpforms-field-medium wpforms-field-required\" name=\"wpforms[fields][7]\" aria-errormessage=\"wpforms-53-field_7-error\" required><\/div><div id=\"wpforms-53-field_3-container\" class=\"wpforms-field wpforms-field-textarea\" data-field-id=\"3\"><label class=\"wpforms-field-label\" for=\"wpforms-53-field_3\">Lis\u00e4tietoja<\/label><textarea id=\"wpforms-53-field_3\" class=\"wpforms-field-medium\" name=\"wpforms[fields][3]\" aria-errormessage=\"wpforms-53-field_3-error\" aria-describedby=\"wpforms-53-field_3-description\" ><\/textarea><div id=\"wpforms-53-field_3-description\" class=\"wpforms-field-description\">Esimerkiksi miss\u00e4 j\u00e4rjestetyksess\u00e4 nimet laitetaan tai jos niit\u00e4 ei haluta oveen\/porrastauluun yms.\n\n<\/div><\/div><script>\n\t\t\t\t( function() {\n\t\t\t\t\tconst style = document.createElement( 'style' );\n\t\t\t\t\tstyle.appendChild( document.createTextNode( '#wpforms-19-field_4-container,#wpforms-53-field_6-container { position: absolute !important; overflow: hidden !important; display: inline !important; height: 1px !important; width: 1px !important; z-index: -1000 !important; padding: 0 !important; } #wpforms-19-field_4-container,#wpforms-53-field_6-container input { visibility: hidden; } #wpforms-conversational-form-page #wpforms-19-field_4-container,#wpforms-53-field_6-container label { counter-increment: none; }' ) );\n\t\t\t\t\tdocument.head.appendChild( style );\n\t\t\t\t\tdocument.currentScript?.remove();\n\t\t\t\t} )();\n\t\t\t<\/script><\/div><!-- .wpforms-field-container --><div class=\"wpforms-submit-container\" ><input type=\"hidden\" name=\"wpforms[id]\" value=\"53\"><input type=\"hidden\" name=\"page_title\" value=\"\"><input type=\"hidden\" name=\"page_url\" value=\"https:\/\/sisuhuolto.fi\/index.php?rest_route=\/wp\/v2\/pages\/244\"><input type=\"hidden\" name=\"url_referer\" value=\"\"><button type=\"submit\" name=\"wpforms[submit]\" id=\"wpforms-submit-53\" class=\"wpforms-submit\" data-alt-text=\"L\u00e4hett\u00e4\u00e4..\" data-submit-text=\"L\u00e4het\u00e4\" aria-live=\"assertive\" value=\"wpforms-submit\">L\u00e4het\u00e4<\/button><img decoding=\"async\" src=\"https:\/\/sisuhuolto.fi\/wp-content\/plugins\/wpforms-lite\/assets\/images\/submit-spin.svg\" class=\"wpforms-submit-spinner\" style=\"display: none;\" width=\"26\" height=\"26\" alt=\"Loading\"><\/div><\/form><\/div>  <!-- .wpforms-container -->\t\t\t\t<\/div>\n\t\t\t\t<\/div>\n\t\t\t\t\t<\/div>\n\t\t\t\t<\/div>\n\t\t\t\t<\/div>\n\t\t","protected":false},"excerpt":{"rendered":"<p>Yhteydenottolomakkeet Huoltoilmoitus Yrit\u00e4 olla mahdollisimman tarkka vian sijainnista ja itse ongelmasta. Onko vika taloyhti\u00f6n yleisiss\u00e4 tiloissa vai asunnossa, mist\u00e4 kohtaa hana vuotaa, jne. Please enable JavaScript in your browser to complete this form.Please enable JavaScript in your browser to complete this form.Nimi *Osoite *PuhelinEmail Sallitaanko yleisavaimen k\u00e4ytt\u00f6 mik\u00e4li kyseess\u00e4 yksityisasunto? Kyll\u00e4 Ei Soitto ennen k\u00e4ynti\u00e4? [&hellip;]<\/p>\n","protected":false},"author":1,"featured_media":0,"parent":0,"menu_order":0,"comment_status":"closed","ping_status":"closed","template":"elementor_header_footer","meta":{"footnotes":""},"class_list":["post-244","page","type-page","status-publish","hentry"],"_links":{"self":[{"href":"https:\/\/sisuhuolto.fi\/index.php?rest_route=\/wp\/v2\/pages\/244","targetHints":{"allow":["GET"]}}],"collection":[{"href":"https:\/\/sisuhuolto.fi\/index.php?rest_route=\/wp\/v2\/pages"}],"about":[{"href":"https:\/\/sisuhuolto.fi\/index.php?rest_route=\/wp\/v2\/types\/page"}],"author":[{"embeddable":true,"href":"https:\/\/sisuhuolto.fi\/index.php?rest_route=\/wp\/v2\/users\/1"}],"replies":[{"embeddable":true,"href":"https:\/\/sisuhuolto.fi\/index.php?rest_route=%2Fwp%2Fv2%2Fcomments&post=244"}],"version-history":[{"count":13,"href":"https:\/\/sisuhuolto.fi\/index.php?rest_route=\/wp\/v2\/pages\/244\/revisions"}],"predecessor-version":[{"id":324,"href":"https:\/\/sisuhuolto.fi\/index.php?rest_route=\/wp\/v2\/pages\/244\/revisions\/324"}],"wp:attachment":[{"href":"https:\/\/sisuhuolto.fi\/index.php?rest_route=%2Fwp%2Fv2%2Fmedia&parent=244"}],"curies":[{"name":"wp","href":"https:\/\/api.w.org\/{rel}","templated":true}]}}